{"id":1133,"date":"2024-04-08T12:41:29","date_gmt":"2024-04-08T10:41:29","guid":{"rendered":"https:\/\/golfclub-kuessnacht.ch\/newsletter\/?page_id=1133"},"modified":"2024-04-08T15:04:09","modified_gmt":"2024-04-08T13:04:09","slug":"senioren-newsletter-april-2024","status":"publish","type":"page","link":"https:\/\/golfclub-kuessnacht.ch\/newsletter\/senioren-newsletter-april-2024\/","title":{"rendered":"Senioren-Newsletter April 2024"},"content":{"rendered":"<p>[et_pb_section fb_built=&#8221;1&#8243; _builder_version=&#8221;4.17.4&#8243; _module_preset=&#8221;default&#8221; custom_padding=&#8221;||2px|||&#8221; global_colors_info=&#8221;{}&#8221;][et_pb_row _builder_version=&#8221;4.17.4&#8243; _module_preset=&#8221;default&#8221; background_color=&#8221;#f4f3ef&#8221; width=&#8221;100%&#8221; max_width=&#8221;2560px&#8221; global_colors_info=&#8221;{}&#8221;][et_pb_column type=&#8221;4_4&#8243; _builder_version=&#8221;4.17.4&#8243; _module_preset=&#8221;default&#8221; global_colors_info=&#8221;{}&#8221;][et_pb_text _builder_version=&#8221;4.24.3&#8243; _module_preset=&#8221;default&#8221; header_text_align=&#8221;center&#8221; header_font_size=&#8221;40px&#8221; background_color=&#8221;#f4f3ef&#8221; custom_padding=&#8221;20px||20px||false|false&#8221; global_colors_info=&#8221;{}&#8221;]<\/p>\n<h1>Senioren-Newsletter<br \/>April 2024<\/h1>\n<p>[\/et_pb_text][\/et_pb_column][\/et_pb_row][\/et_pb_section][et_pb_section fb_built=&#8221;1&#8243; module_id=&#8221;juni2022&#8243; _builder_version=&#8221;4.17.4&#8243; _module_preset=&#8221;default&#8221; custom_padding=&#8221;0px|||||&#8221; global_colors_info=&#8221;{}&#8221;][et_pb_row _builder_version=&#8221;4.17.4&#8243; _module_preset=&#8221;default&#8221; global_colors_info=&#8221;{}&#8221;][et_pb_column type=&#8221;4_4&#8243; _builder_version=&#8221;4.17.4&#8243; _module_preset=&#8221;default&#8221; global_colors_info=&#8221;{}&#8221;][et_pb_image src=&#8221;https:\/\/golfclub-kuessnacht.ch\/newsletter\/wp-content\/uploads\/2024\/04\/Senioren-Golfclub-Kussnacht.jpg&#8221; title_text=&#8221;Senioren Golfclub K\u00fcssnacht&#8221; _builder_version=&#8221;4.24.3&#8243; _module_preset=&#8221;default&#8221; box_shadow_style=&#8221;preset1&#8243; global_colors_info=&#8221;{}&#8221;][\/et_pb_image][\/et_pb_column][\/et_pb_row][et_pb_row _builder_version=&#8221;4.17.4&#8243; _module_preset=&#8221;default&#8221; custom_margin_tablet=&#8221;||-50px||false|false&#8221; custom_margin_phone=&#8221;||-50px||false|false&#8221; custom_margin_last_edited=&#8221;on|tablet&#8221; global_colors_info=&#8221;{}&#8221;][et_pb_column type=&#8221;4_4&#8243; _builder_version=&#8221;4.17.4&#8243; _module_preset=&#8221;default&#8221; global_colors_info=&#8221;{}&#8221;][et_pb_text _builder_version=&#8221;4.24.3&#8243; _module_preset=&#8221;default&#8221; custom_margin=&#8221;||-30px||false|false&#8221; global_colors_info=&#8221;{}&#8221;]<\/p>\n<p style=\"text-align: justify;\"><strong>Liebe Senioren,\u00a0<\/strong><\/p>\n<p style=\"text-align: justify;\">Mit unserem letzten Newsletter haben wir Euch hoffentlich gluschtig auf die bevorstehende Golfsaison gemacht und sicherlich haben viele von Euch bereits die ersten Fr\u00fchlings-Schw\u00fcnge absolviert. Rund zwanzig Senioren-Kollegen sind seit dem 3. April bereits auf der ersten Golfreise nach Marbella und wir sind gespannt, was sie uns nachher zu berichten haben.\u00a0<\/p>\n<p style=\"text-align: justify;\">Die ersten Senioren-Turniere sind in der Zwischenzeit auf PC Caddie aufgeschaltet worden und jetzt m\u00fcsst Ihr Euch nur noch anmeldenJ. Wir starten am <strong>18. April mit einem 3Ball Swiss Scramble mit<\/strong> <strong>anschliessendem Wine Tasting<\/strong> w\u00e4hrend des Nachtessens. Am <strong>25. April folgt ein 9 Loch Turnier mit<\/strong> <strong>anschliessender Senioren-GV<\/strong>. Teilnahme ist Ehrensache \u2013 Anmeldungen noch bis 15. April m\u00f6glich.\u00a0<\/p>\n<p style=\"text-align: justify;\">Speziell m\u00f6chten wir Euch auch noch auf das attraktive Format <strong>Matchplay<\/strong> hinweisen und alle animieren mit zu machen. Es gibt nichts zu verlieren sondern es erwarten Euch spannende Momente und viel Diskussions-Stoff\u2026..\u00a0<\/p>\n<p style=\"text-align: justify;\">Bei den anstehenden <strong>Golfreisen<\/strong> hat es noch den einen oder anderen freien Platz. Vor allem bei der Reise in den <strong>Tessin vom 14.\/15. Mai<\/strong> ist Andr\u00e9 Surchat \u00e4usserst froh, wenn sich noch einige Kollegen f\u00fcr eine Anmeldung entscheiden k\u00f6nnten.\u00a0<\/p>\n<p style=\"text-align: justify;\">Nun w\u00fcnschen wir Euch allen einen guten Saisonstart und rufen Euch zu: es sch\u00f6ns Spiel!\u00a0<\/p>\n<p style=\"text-align: justify;\">Mit golferischen Gr\u00fcssen\u00a0<\/p>\n<p style=\"text-align: justify;\"><strong><em>Euer GCK-Senioren-Vorstand<\/em><\/strong><\/p>\n<p>[\/et_pb_text][\/et_pb_column][\/et_pb_row][\/et_pb_section][et_pb_section fb_built=&#8221;1&#8243; module_id=&#8221;article1&#8243; _builder_version=&#8221;4.17.4&#8243; _module_preset=&#8221;default&#8221; background_color=&#8221;#f4f3ef&#8221; custom_margin=&#8221;0px||0px||false|false&#8221; custom_padding=&#8221;0px||0px||false|false&#8221; global_colors_info=&#8221;{}&#8221;][et_pb_row _builder_version=&#8221;4.17.4&#8243; _module_preset=&#8221;default&#8221; background_color=&#8221;#FFFFFF&#8221; custom_padding=&#8221;0px||0px||false|false&#8221; global_colors_info=&#8221;{}&#8221;][et_pb_column type=&#8221;4_4&#8243; _builder_version=&#8221;4.17.4&#8243; _module_preset=&#8221;default&#8221; global_colors_info=&#8221;{}&#8221;][et_pb_image src=&#8221;https:\/\/golfclub-kuessnacht.ch\/newsletter\/wp-content\/uploads\/2024\/04\/Heading-1.png&#8221; title_text=&#8221;Heading 1&#8243; align=&#8221;center&#8221; _builder_version=&#8221;4.24.3&#8243; _module_preset=&#8221;default&#8221; background_color=&#8221;#f4f3ef&#8221; max_height=&#8221;55px&#8221; custom_margin_tablet=&#8221;&#8221; custom_margin_phone=&#8221;&#8221; custom_margin_last_edited=&#8221;on|phone&#8221; custom_padding=&#8221;30px|174px|30px|174px|false|true&#8221; custom_padding_tablet=&#8221;30px|317px|30px|325px|false|false&#8221; custom_padding_phone=&#8221;30px|90px|30px|90px|false|false&#8221; custom_padding_last_edited=&#8221;on|phone&#8221; global_colors_info=&#8221;{}&#8221;][\/et_pb_image][et_pb_image src=&#8221;https:\/\/golfclub-kuessnacht.ch\/newsletter\/wp-content\/uploads\/2024\/04\/Picture-1.jpg&#8221; title_text=&#8221;Picture 1&#8243; align=&#8221;center&#8221; _builder_version=&#8221;4.24.3&#8243; _module_preset=&#8221;default&#8221; custom_margin_tablet=&#8221;&#8221; custom_margin_phone=&#8221;&#8221; custom_margin_last_edited=&#8221;on|phone&#8221; custom_padding=&#8221;||||false|false&#8221; custom_padding_tablet=&#8221;|25px||25px|false|false&#8221; custom_padding_phone=&#8221;|25px||25px|false|false&#8221; custom_padding_last_edited=&#8221;on|tablet&#8221; border_radii=&#8221;on|5px|5px|5px|5px&#8221; box_shadow_style=&#8221;preset1&#8243; global_colors_info=&#8221;{}&#8221;][\/et_pb_image][et_pb_text _builder_version=&#8221;4.24.3&#8243; _module_preset=&#8221;default&#8221; custom_margin=&#8221;||21px|||&#8221; custom_margin_tablet=&#8221;||0px||false|false&#8221; custom_margin_phone=&#8221;||0px||false|false&#8221; custom_margin_last_edited=&#8221;on|tablet&#8221; custom_padding=&#8221;|150px||150px|false|false&#8221; custom_padding_tablet=&#8221;|80px||80px|false|false&#8221; custom_padding_phone=&#8221;|15px||15px|false|false&#8221; custom_padding_last_edited=&#8221;on|phone&#8221; global_colors_info=&#8221;{}&#8221;]<\/p>\n<p style=\"text-align: justify;\"><strong>18.04.2024 \u2013 Wine Tasting Turnier: <\/strong>nach einem 3Ball Swiss Scramble testen wir w\u00e4hrend des Nachtessens einige Weine, zusammengestellt durch unseren Senioren Captain.\u00a0<\/p>\n<p style=\"text-align: justify;\"><strong>25.04.2024 \u2013 9 Hole Turnier mit GV: <\/strong>damit wir f\u00fcr die anschliessende GV nicht zu m\u00fcde sind spielen wir zuerst ein nicht handicapwirksames Einzelturnier.\u00a0<\/p>\n<p style=\"text-align: justify;\"><strong>02.05.2024 \u2013 UMBI Turnier:<\/strong> wie immer anfangs Saison l\u00e4dt uns Dominik zu seinem Turnier ein\u00a0<\/p>\n<p style=\"text-align: justify;\"><strong>08.05.2024 \u2013 Zuger Battle of the Kantons:<\/strong> erste diesj\u00e4hrige Austragung unserer schon fast legend\u00e4ren Turnierreihe.\u00a0\u00a0\u00a0\u00a0 <em>Achtung: wegen Auffahrt schon am Mittwoch<\/em>\u00a0<\/p>\n<p style=\"text-align: justify;\"><strong>16.05.2024 \u2013 JW1 \u2013 Urs\u2019s Turnier:<\/strong> auch dieses Jahr bitten die Kollegen mit dem Vornamen Urs zum Turnier\u00a0<\/p>\n<p style=\"text-align: justify;\"><strong>23.05.2024 \u2013 Freundschaftstreffen mit GC Ennetsee:<\/strong> wir spielen mit unseren Golffreunden aus Ennetsee auf unserem Heimplatz K\u00fcssnacht\u00a0<\/p>\n<p style=\"text-align: justify;\"><strong>30.05.2024 \u2013 Luzerner Battle of the Kantons:<\/strong> 2. Teil der Turnierreihe\u00a0<\/p>\n<p style=\"text-align: justify;\"><strong>31.05.2024 \u2013 Freundschaftstreffen mit GC Axenstein:<\/strong> das beliebte Treffen mit unseren Golffreunden in Morschach findet auch dieses Jahr wieder statt<\/p>\n<p>[\/et_pb_text][\/et_pb_column][\/et_pb_row][\/et_pb_section][et_pb_section fb_built=&#8221;1&#8243; module_id=&#8221;article2&#8243; _builder_version=&#8221;4.17.4&#8243; _module_preset=&#8221;default&#8221; background_color=&#8221;#f4f3ef&#8221; custom_margin=&#8221;0px||0px||false|false&#8221; custom_padding=&#8221;0px||0px||false|false&#8221; global_colors_info=&#8221;{}&#8221;][et_pb_row _builder_version=&#8221;4.17.4&#8243; _module_preset=&#8221;default&#8221; background_color=&#8221;#FFFFFF&#8221; global_colors_info=&#8221;{}&#8221;][et_pb_column type=&#8221;4_4&#8243; _builder_version=&#8221;4.17.4&#8243; _module_preset=&#8221;default&#8221; global_colors_info=&#8221;{}&#8221;][et_pb_image src=&#8221;https:\/\/golfclub-kuessnacht.ch\/newsletter\/wp-content\/uploads\/2024\/04\/Heading-2.png&#8221; title_text=&#8221;Heading 2&#8243; align=&#8221;center&#8221; _builder_version=&#8221;4.24.3&#8243; _module_preset=&#8221;default&#8221; background_color=&#8221;#f4f3ef&#8221; max_height=&#8221;50px&#8221; custom_padding=&#8221;30px||30px||false|true&#8221; custom_padding_tablet=&#8221;30px|317px|30px|325px|false|false&#8221; custom_padding_phone=&#8221;30px|90px|30px|90px|false|false&#8221; custom_padding_last_edited=&#8221;on|phone&#8221; global_colors_info=&#8221;{}&#8221;][\/et_pb_image][et_pb_text _builder_version=&#8221;4.24.3&#8243; _module_preset=&#8221;default&#8221; custom_margin=&#8221;||21px|||&#8221; custom_margin_tablet=&#8221;||0px||false|false&#8221; custom_margin_phone=&#8221;||0px||false|false&#8221; custom_margin_last_edited=&#8221;on|tablet&#8221; custom_padding=&#8221;|150px||150px|false|false&#8221; custom_padding_tablet=&#8221;|80px||80px|false|false&#8221; custom_padding_phone=&#8221;|15px||15px|false|false&#8221; custom_padding_last_edited=&#8221;on|phone&#8221; global_colors_info=&#8221;{}&#8221;]<\/p>\n<p style=\"text-align: justify;\"><strong><span>Marbella 3.-10. April 2024<\/span><\/strong><span>\u00a0<\/span><\/p>\n<p style=\"text-align: justify;\"><span>Hier ein erster Gruss f\u00fcr die Daheimgebliebenen (ein ausf\u00fchrlicher Reisebericht folgt im Mai-Newsletter): <\/span><\/p>\n<p>[\/et_pb_text][et_pb_image src=&#8221;https:\/\/golfclub-kuessnacht.ch\/newsletter\/wp-content\/uploads\/2024\/04\/Picture-2.jpg&#8221; title_text=&#8221;Picture 2&#8243; align=&#8221;center&#8221; _builder_version=&#8221;4.24.3&#8243; _module_preset=&#8221;default&#8221; custom_padding_tablet=&#8221;|25px||25px|false|false&#8221; custom_padding_phone=&#8221;|15px||15px|false|false&#8221; custom_padding_last_edited=&#8221;on|phone&#8221; border_radii=&#8221;on|5px|5px|5px|5px&#8221; box_shadow_style=&#8221;preset1&#8243; global_colors_info=&#8221;{}&#8221;][\/et_pb_image][et_pb_text _builder_version=&#8221;4.24.3&#8243; _module_preset=&#8221;default&#8221; custom_margin=&#8221;||21px|||&#8221; custom_margin_tablet=&#8221;||0px||false|false&#8221; custom_margin_phone=&#8221;||0px||false|false&#8221; custom_margin_last_edited=&#8221;on|tablet&#8221; custom_padding=&#8221;|150px||150px|false|false&#8221; custom_padding_tablet=&#8221;|80px||80px|false|false&#8221; custom_padding_phone=&#8221;|15px||15px|false|false&#8221; custom_padding_last_edited=&#8221;on|phone&#8221; global_colors_info=&#8221;{}&#8221;]<\/p>\n<p style=\"text-align: justify;\"><strong>Tessin:<\/strong> 14.-15. Mai 2024 &#8212;&gt; <strong>Teilnehmer dringend gesucht!<\/strong><br \/><strong>Bayern:<\/strong> 25.-28. Juni 2024<br \/><strong>Piemont:<\/strong> 11.-14. Oktober 2024<\/p>\n<p style=\"text-align: justify;\">Bitte meldet Euch f\u00fcr weitere Informationen und Anmeldungen direkt bei unserem Reise-General Andr\u00e9 Surchat.<\/p>\n<p style=\"text-align: justify;\"><span style=\"color: #333333;\">Tel. <strong>+41 79 403 60 63<\/strong><\/span><br \/>Email:<span style=\"color: #333333;\"><strong> <a href=\"mailto:Mailto:as@aspac.ch\" style=\"color: #333333;\">as@aspac.ch<\/a><\/strong><\/span><\/p>\n<p>[\/et_pb_text][\/et_pb_column][\/et_pb_row][\/et_pb_section][et_pb_section fb_built=&#8221;1&#8243; module_id=&#8221;article3&#8243; _builder_version=&#8221;4.17.4&#8243; _module_preset=&#8221;default&#8221; background_color=&#8221;#f4f3ef&#8221; custom_margin=&#8221;0px||0px||false|false&#8221; custom_padding=&#8221;0px||0px||false|false&#8221; global_colors_info=&#8221;{}&#8221;][et_pb_row _builder_version=&#8221;4.17.4&#8243; _module_preset=&#8221;default&#8221; background_color=&#8221;#FFFFFF&#8221; custom_padding=&#8221;0px||0px||false|false&#8221; global_colors_info=&#8221;{}&#8221;][et_pb_column type=&#8221;4_4&#8243; _builder_version=&#8221;4.17.4&#8243; _module_preset=&#8221;default&#8221; global_colors_info=&#8221;{}&#8221;][et_pb_image src=&#8221;https:\/\/golfclub-kuessnacht.ch\/newsletter\/wp-content\/uploads\/2024\/04\/Heading-3.png&#8221; title_text=&#8221;Heading 3&#8243; align=&#8221;center&#8221; _builder_version=&#8221;4.24.3&#8243; _module_preset=&#8221;default&#8221; background_color=&#8221;#f4f3ef&#8221; max_height=&#8221;50px&#8221; custom_padding=&#8221;30px|122px|30px|122px|false|true&#8221; custom_padding_tablet=&#8221;30px|317px|30px|325px|false|false&#8221; custom_padding_phone=&#8221;30px|90px|30px|90px|false|false&#8221; custom_padding_last_edited=&#8221;on|phone&#8221; global_colors_info=&#8221;{}&#8221;][\/et_pb_image][et_pb_image src=&#8221;https:\/\/golfclub-kuessnacht.ch\/newsletter\/wp-content\/uploads\/2024\/04\/Picture-3jpg.jpg&#8221; title_text=&#8221;Picture 3jpg&#8221; align=&#8221;center&#8221; _builder_version=&#8221;4.24.3&#8243; _module_preset=&#8221;default&#8221; custom_margin_tablet=&#8221;&#8221; custom_margin_phone=&#8221;&#8221; custom_margin_last_edited=&#8221;on|phone&#8221; custom_padding_tablet=&#8221;|25px||25px|false|false&#8221; custom_padding_phone=&#8221;|15px||15px|false|false&#8221; custom_padding_last_edited=&#8221;on|phone&#8221; border_radii=&#8221;on|5px|5px|5px|5px&#8221; box_shadow_style=&#8221;preset1&#8243; global_colors_info=&#8221;{}&#8221;][\/et_pb_image][et_pb_text _builder_version=&#8221;4.24.3&#8243; _module_preset=&#8221;default&#8221; custom_margin_tablet=&#8221;&#8221; custom_margin_phone=&#8221;&#8221; custom_margin_last_edited=&#8221;on|phone&#8221; custom_padding=&#8221;|150px|9px|150px|false|false&#8221; custom_padding_tablet=&#8221;|80px|20px|80px|false|false&#8221; custom_padding_phone=&#8221;|15px|15px|15px|false|false&#8221; custom_padding_last_edited=&#8221;on|phone&#8221; hover_enabled=&#8221;0&#8243; global_colors_info=&#8221;{}&#8221; sticky_enabled=&#8221;0&#8243;]<\/p>\n<p style=\"text-align: justify;\"><strong><span>Einzel &amp; Fourball<\/span><\/strong><strong>\u00a0<\/strong><\/p>\n<p style=\"text-align: justify;\">Die <strong>Anmeldungen<\/strong> zum Einzel \u2013 und dem Fourball Matchplay sind auf PC Caddie er\u00f6ffnet und Ihr habt noch bis zum <strong>21. April <\/strong>Zeit euch anzumelden. Ich m\u00f6chte allen, und vor allem denjenigen, die noch nie bei unseren Matschplay mitgemacht haben, ans Herz legen euch anzumelden.<\/p>\n<p style=\"text-align: justify;\">Das Match-Play (Lochspiel) ist die Urform des Golfspiels und hat einen ganz anderen Charakter als das Z\u00e4hlspiel. Ihr spielt dabei nicht gegen den Platz sondern gegen einen entsprechenden Gegner. Beim Match-Play wird<strong>\u00a0<\/strong>Loch um Loch gespielt. Es reicht aus, an jedem einzelnen Loch ein besseres Schlagergebnis zu haben als der Gegner um das Loch zu gewinnen, bzw. einen Punkt zu erhalten. Wenn beide Spieler oder Partien das gleiche Ergebnis auf einem Loch erspielen, so ist das Loch &#8220;geteilt&#8221; und beide Wettbewerber erhalten einen halben Punkt. Es wird mit der Handicap Vorgabe gespielt und dazu muss vor der Runde zuerst ausgerechnet werden wie viele Schl\u00e4ge der Spieler mit dem schlechteren Handicap bekommt.<\/p>\n<p style=\"text-align: justify;\"><strong>Beispiel<\/strong>: Spieler A (exact Hcp 12.5) hat ein playing Hcp 15, Spieler B (exact Hcp 6.5) hat ein playing Hcp 8. Spieler A erh\u00e4lt die errechnete Vorgabe von 15-8 = 7 mal \u00be = sind 5.25 ergibt 5 (finanzmathematische Auf- bzw. Abrundung). Dies bedeutet also, dass Spieler B ohne Vorgabe spielt und Spieler A an den L\u00f6chern mit Vorgabeverteilung 1 bis 5 jeweils einen Schlag hat.<\/p>\n<p style=\"text-align: justify;\">Beim Fourball Matchplay k\u00f6nnt ihr euch als Zweier-Team anmelden oder auch einzeln und dann werden wir euch einen Partner suchen. Beim Fourball spielt jeder Spieler seinen Ball und nur der bessere z\u00e4hlt. Es wird ebenfalls um jedes Loch gespielt und die Handicap Berechnung ist \u00e4hnlich wie beim Einzel.<\/p>\n<p style=\"text-align: justify;\"><strong>Beispiel: <\/strong>Der Spieler mit dem niedrigsten Handicap spielt ohne Handicap und gibt den drei anderen 90% des Unterschieds von seinem zum jeweils anderen Playing-Handicap.<\/p>\n<table width=\"384\">\n<tbody>\n<tr>\n<td width=\"64\"><strong>Beispiel:<\/strong><\/td>\n<td width=\"64\"><\/td>\n<td width=\"64\"><\/td>\n<td width=\"64\"><\/td>\n<td width=\"64\"><\/td>\n<td width=\"64\"><\/td>\n<\/tr>\n<tr>\n<td><span>Team A:<\/span><\/td>\n<td>Spieler 1<\/td>\n<td>Hcp\u00a0\u00a0 6<\/td>\n<td>Team B:<\/td>\n<td>Spieler 1<\/td>\n<td>Hcp 12<\/td>\n<\/tr>\n<tr>\n<td><\/td>\n<td><span>Spieler 2<\/span><\/td>\n<td>Hcp 11<\/td>\n<td>Spieler 2<\/td>\n<td>Hcp 15<\/td>\n<td><\/td>\n<\/tr>\n<tr>\n<td colspan=\"4\"><span>Es wird mit folgenden Handicaps gespielt:<\/span><\/td>\n<td><\/td>\n<td><\/td>\n<\/tr>\n<tr>\n<td><span>Team A:<\/span><\/td>\n<td>Team B:<\/td>\n<td><\/td>\n<td><\/td>\n<td><\/td>\n<td><\/td>\n<\/tr>\n<tr>\n<td><span>Spieler 1<\/span><\/td>\n<td>HCP 0\u00a0 tiefstes HCP<\/td>\n<td colspan=\"3\">Spieler 1 HCP 5 (90% von12-6)<\/td>\n<td><\/td>\n<\/tr>\n<tr>\n<td><span>Spieler 2<\/span><\/td>\n<td>HCP 5\u00a0 (90% von 11-6)<\/td>\n<td colspan=\"3\">Spieler 2 HCP 8 (90% von 15-6)<\/td>\n<td><\/td>\n<\/tr>\n<\/tbody>\n<\/table>\n<p style=\"text-align: justify;\">Falls jemand noch Fragen hat so meldet euch bei mir. Ich bin der Matchplay Verantwortliche bei den Senioren und helfe euch gerne weiter.<\/p>\n<p style=\"text-align: justify;\">Bruno F\u00e4ssler<br \/><span style=\"color: #808080;\"><a href=\"mailto:bruno.fassler@bluewin.ch\" style=\"color: #808080;\">bruno.fassler@bluewin.ch<\/a><\/span><br \/>079\u00a0458 68 28<\/p>\n<p>[\/et_pb_text][\/et_pb_column][\/et_pb_row][\/et_pb_section][et_pb_section fb_built=&#8221;1&#8243; custom_padding_last_edited=&#8221;on|phone&#8221; module_id=&#8221;article4&#8243; _builder_version=&#8221;4.17.4&#8243; _module_preset=&#8221;default&#8221; background_color=&#8221;#f4f3ef&#8221; custom_margin=&#8221;0px||0px||false|false&#8221; custom_padding=&#8221;0px||35px||false|false&#8221; custom_padding_tablet=&#8221;0px||47px||false|false&#8221; custom_padding_phone=&#8221;0px||20px||false|false&#8221; global_colors_info=&#8221;{}&#8221;][et_pb_row _builder_version=&#8221;4.17.4&#8243; _module_preset=&#8221;default&#8221; background_color=&#8221;#FFFFFF&#8221; custom_padding=&#8221;0px||0px||false|false&#8221; global_colors_info=&#8221;{}&#8221;][et_pb_column type=&#8221;4_4&#8243; _builder_version=&#8221;4.17.4&#8243; _module_preset=&#8221;default&#8221; global_colors_info=&#8221;{}&#8221;][et_pb_image src=&#8221;https:\/\/golfclub-kuessnacht.ch\/newsletter\/wp-content\/uploads\/2024\/02\/Heading-4.png&#8221; title_text=&#8221;Heading 4&#8243; align=&#8221;center&#8221; _builder_version=&#8221;4.24.2&#8243; _module_preset=&#8221;default&#8221; background_color=&#8221;#f4f3ef&#8221; max_height=&#8221;50px&#8221; custom_padding=&#8221;30px|228px|30px|228px|false|true&#8221; custom_padding_tablet=&#8221;30px|317px|30px|325px|false|false&#8221; custom_padding_phone=&#8221;30px|90px|30px|90px|false|false&#8221; custom_padding_last_edited=&#8221;on|phone&#8221; global_colors_info=&#8221;{}&#8221;][\/et_pb_image][et_pb_image src=&#8221;https:\/\/golfclub-kuessnacht.ch\/newsletter\/wp-content\/uploads\/2024\/04\/Picture-4.jpg&#8221; title_text=&#8221;Picture 4&#8243; align=&#8221;center&#8221; _builder_version=&#8221;4.24.3&#8243; _module_preset=&#8221;default&#8221; custom_margin_tablet=&#8221;&#8221; custom_margin_phone=&#8221;||15px||false|false&#8221; custom_margin_last_edited=&#8221;on|phone&#8221; custom_padding_tablet=&#8221;|25px||25px|false|false&#8221; custom_padding_phone=&#8221;|15px|10px|15px|false|false&#8221; custom_padding_last_edited=&#8221;on|phone&#8221; border_radii=&#8221;on|5px|5px|5px|5px&#8221; box_shadow_style=&#8221;preset1&#8243; global_colors_info=&#8221;{}&#8221;][\/et_pb_image][et_pb_text _builder_version=&#8221;4.24.3&#8243; _module_preset=&#8221;default&#8221; custom_padding=&#8221;|150px|22px|150px|false|false&#8221; custom_padding_tablet=&#8221;|80px|22px|80px|false|false&#8221; custom_padding_phone=&#8221;|15px||15px|false|false&#8221; custom_padding_last_edited=&#8221;on|phone&#8221; hover_enabled=&#8221;0&#8243; global_colors_info=&#8221;{}&#8221; sticky_enabled=&#8221;0&#8243;]<\/p>\n<p style=\"text-align: justify;\">Wir alle wissen, wie wichtig das Kurzspiel ist und dass \u00dcbung den Meister macht. Allerdings ist es m\u00f6glicherweise nicht die L\u00f6sung, nur einen Eimer voller B\u00e4lle zu nehmen und Chipschl\u00e4ge zu machen, da auf einen Spieler, der so trainiert, kein Druck ausge\u00fcbt wird. Tats\u00e4chlich macht es offensichtlich nicht viel Spa\u00df, da es nur wenige von uns tun. Golf ist ein Wettkampfsport und die M\u00f6glichkeit, wettkampfm\u00e4\u00dfig zu trainieren, bringt den Spa\u00df zur\u00fcck, den das blo\u00dfe Schlagen von B\u00e4llen nicht hat. Wettbewerb mit uns selbst und mit anderen.<\/p>\n<p style=\"text-align: justify;\">Deshalb haben wir uns am Buch von Dave Peltz (American Short Game Guru) orientiert und\u00a0 beschlossen, eine Short Game Challenge ins Leben zu rufen. Sieben Stationen, an denen man zehn Sch\u00fcsse auf ein Ziel abgibt und je nach bestandener Pr\u00fcfung Punkte erh\u00e4lt. Die nach Abschluss erzielten Punkte werden dann in ein Short Game Handicap umgewandelt, um einen echten Wettbewerb zwischen den Spielern zu erm\u00f6glichen.<\/p>\n<p style=\"text-align: justify;\">M\u00f6chtest Du das einmal ausprobieren? Komm zu einer unserer Dienstagabendsitzungen und finde es heraus. Wir beginnen um 16:00 Uhr und fahren bis 17:00 Uhr fort. Gavin Hopkins wird vor Ort sein, um die Veranstaltung zu \u00fcberwachen und zu kontrollieren\u00a0 und nicht speziell, um Anweisungen zu erteilen.<\/p>\n<p style=\"text-align: justify;\">Die Short Game Challenge kostet CHF 20.\u2014pro Spieler.<\/p>\n<p style=\"text-align: justify;\"><strong><em>Im 2024 haben wir die folgenden Daten geplant:<\/em><\/strong><strong><em> <\/em><\/strong><\/p>\n<p style=\"text-align: justify;\"><strong><em>23. April 14. Mai 18. Juni \u00a0\u00a0\u00a0\u00a0\u00a0\u00a0\u00a0\u00a0\u00a0\u00a0\u00a0\u00a0\u00a0\u00a0 16. Juli\u00a0\u00a0 \u00a0\u00a0\u00a0\u00a0\u00a0\u00a0\u00a0\u00a0\u00a0\u00a0\u00a0\u00a0\u00a0 20. August \u00a0\u00a0\u00a0\u00a0\u00a0\u00a0\u00a0\u00a0 17. September<\/em><\/strong><\/p>\n<p style=\"text-align: justify;\">Senioren Golf macht Spass<\/p>\n<p style=\"text-align: justify;\">Euer Senioren Team<\/p>\n<p>[\/et_pb_text][\/et_pb_column][\/et_pb_row][\/et_pb_section]<\/p>\n","protected":false},"excerpt":{"rendered":"<p>Senioren-NewsletterApril 2024Liebe Senioren,\u00a0 Mit unserem letzten Newsletter haben wir Euch hoffentlich gluschtig auf die bevorstehende Golfsaison gemacht und sicherlich haben viele von Euch bereits die ersten Fr\u00fchlings-Schw\u00fcnge absolviert. Rund zwanzig Senioren-Kollegen sind seit dem 3. April bereits auf der ersten Golfreise nach Marbella und wir sind gespannt, was sie uns nachher zu berichten haben.\u00a0 Die [&hellip;]<\/p>\n","protected":false},"author":1,"featured_media":0,"parent":0,"menu_order":0,"comment_status":"closed","ping_status":"closed","template":"","meta":{"_et_pb_use_builder":"on","_et_pb_old_content":"","_et_gb_content_width":"","footnotes":""},"class_list":["post-1133","page","type-page","status-publish","hentry"],"_links":{"self":[{"href":"https:\/\/golfclub-kuessnacht.ch\/newsletter\/wp-json\/wp\/v2\/pages\/1133","targetHints":{"allow":["GET"]}}],"collection":[{"href":"https:\/\/golfclub-kuessnacht.ch\/newsletter\/wp-json\/wp\/v2\/pages"}],"about":[{"href":"https:\/\/golfclub-kuessnacht.ch\/newsletter\/wp-json\/wp\/v2\/types\/page"}],"author":[{"embeddable":true,"href":"https:\/\/golfclub-kuessnacht.ch\/newsletter\/wp-json\/wp\/v2\/users\/1"}],"replies":[{"embeddable":true,"href":"https:\/\/golfclub-kuessnacht.ch\/newsletter\/wp-json\/wp\/v2\/comments?post=1133"}],"version-history":[{"count":10,"href":"https:\/\/golfclub-kuessnacht.ch\/newsletter\/wp-json\/wp\/v2\/pages\/1133\/revisions"}],"predecessor-version":[{"id":1157,"href":"https:\/\/golfclub-kuessnacht.ch\/newsletter\/wp-json\/wp\/v2\/pages\/1133\/revisions\/1157"}],"wp:attachment":[{"href":"https:\/\/golfclub-kuessnacht.ch\/newsletter\/wp-json\/wp\/v2\/media?parent=1133"}],"curies":[{"name":"wp","href":"https:\/\/api.w.org\/{rel}","templated":true}]}}